{"id":110755,"date":"2026-05-07T08:28:37","date_gmt":"2026-05-07T06:28:37","guid":{"rendered":"https:\/\/www.eproplast.com\/?page_id=110755"},"modified":"2026-05-07T08:39:53","modified_gmt":"2026-05-07T06:39:53","slug":"hinweisgeberschutzgesetz","status":"publish","type":"page","link":"https:\/\/www.eproplast.com\/en\/hinweisgeberschutzgesetz\/","title":{"rendered":"Hinweisgeberschutzgesetz"},"content":{"rendered":"<div data-elementor-type=\"wp-page\" data-elementor-id=\"110755\" class=\"elementor elementor-110755\" data-elementor-post-type=\"page\">\n\t\t\t\t\t\t<section data-particle_enable=\"false\" data-particle-mobile-disabled=\"false\" class=\"elementor-section elementor-top-section elementor-element elementor-element-c2bec31 elementor-hidden-phone elementor-section-boxed elementor-section-height-default elementor-section-height-default\" data-id=\"c2bec31\" data-element_type=\"section\" data-e-type=\"section\" data-settings=\"{&quot;jet_parallax_layout_list&quot;:[]}\">\n\t\t\t\t\t\t<div class=\"elementor-container elementor-column-gap-default\">\n\t\t\t\t\t<div class=\"elementor-column elementor-col-100 elementor-top-column elementor-element elementor-element-e6c06d7\" data-id=\"e6c06d7\" data-element_type=\"column\" data-e-type=\"column\">\n\t\t\t<div class=\"elementor-widget-wrap elementor-element-populated\">\n\t\t\t\t\t\t<div class=\"elementor-element elementor-element-6eee449 elementor-widget__width-auto elementor-widget elementor-widget-heading\" data-id=\"6eee449\" data-element_type=\"widget\" data-e-type=\"widget\" data-widget_type=\"heading.default\">\n\t\t\t\t<div class=\"elementor-widget-container\">\n\t\t\t\t\t<h2 class=\"elementor-heading-title elementor-size-default\">Start<\/h2>\t\t\t\t<\/div>\n\t\t\t\t<\/div>\n\t\t\t\t<div class=\"elementor-element elementor-element-b62619b elementor-widget-divider--view-line elementor-widget elementor-widget-divider\" data-id=\"b62619b\" data-element_type=\"widget\" data-e-type=\"widget\" data-widget_type=\"divider.default\">\n\t\t\t\t<div class=\"elementor-widget-container\">\n\t\t\t\t\t\t\t<div class=\"elementor-divider\">\n\t\t\t<span class=\"elementor-divider-separator\">\n\t\t\t\t\t\t<\/span>\n\t\t<\/div>\n\t\t\t\t\t\t<\/div>\n\t\t\t\t<\/div>\n\t\t\t\t\t<\/div>\n\t\t<\/div>\n\t\t\t\t\t<\/div>\n\t\t<\/section>\n\t\t\t\t<section data-particle_enable=\"false\" data-particle-mobile-disabled=\"false\" class=\"elementor-section elementor-top-section elementor-element elementor-element-a5f91fa elementor-section-boxed elementor-section-height-default elementor-section-height-default\" data-id=\"a5f91fa\" data-element_type=\"section\" data-e-type=\"section\" data-settings=\"{&quot;jet_parallax_layout_list&quot;:[]}\">\n\t\t\t\t\t\t<div class=\"elementor-container elementor-column-gap-default\">\n\t\t\t\t\t<div class=\"elementor-column elementor-col-100 elementor-top-column elementor-element elementor-element-876d774\" data-id=\"876d774\" data-element_type=\"column\" data-e-type=\"column\">\n\t\t\t<div class=\"elementor-widget-wrap elementor-element-populated\">\n\t\t\t\t\t\t<div class=\"elementor-element elementor-element-434bcba elementor-widget elementor-widget-heading\" data-id=\"434bcba\" data-element_type=\"widget\" data-e-type=\"widget\" data-widget_type=\"heading.default\">\n\t\t\t\t<div class=\"elementor-widget-container\">\n\t\t\t\t\t<h1 class=\"elementor-heading-title elementor-size-default\">Hinweisgeberschutzgesetz<\/h1>\t\t\t\t<\/div>\n\t\t\t\t<\/div>\n\t\t\t\t\t<\/div>\n\t\t<\/div>\n\t\t\t\t\t<\/div>\n\t\t<\/section>\n\t\t\t\t<section data-particle_enable=\"false\" data-particle-mobile-disabled=\"false\" class=\"elementor-section elementor-top-section elementor-element elementor-element-a22a605 elementor-section-boxed elementor-section-height-default elementor-section-height-default\" data-id=\"a22a605\" data-element_type=\"section\" data-e-type=\"section\" data-settings=\"{&quot;jet_parallax_layout_list&quot;:[]}\">\n\t\t\t\t\t\t<div class=\"elementor-container elementor-column-gap-default\">\n\t\t\t\t\t<div class=\"elementor-column elementor-col-100 elementor-top-column elementor-element elementor-element-44ec0d7\" data-id=\"44ec0d7\" data-element_type=\"column\" data-e-type=\"column\">\n\t\t\t<div class=\"elementor-widget-wrap elementor-element-populated\">\n\t\t\t\t\t\t<div class=\"elementor-element elementor-element-d14d102 elementor-widget__width-auto elementor-widget elementor-widget-text-editor\" data-id=\"d14d102\" data-element_type=\"widget\" data-e-type=\"widget\" data-widget_type=\"text-editor.default\">\n\t\t\t\t<div class=\"elementor-widget-container\">\n\t\t\t\t\t\t\t\t\t<h5><span style=\"font-size: 16px;\">Wir sind seit dem 02.07.2023 dazu verpflichtet eine interne Meldestelle gem\u00e4\u00df \u00a7 12 HinSchG einzurichten.<\/span><\/h5><div class=\"column mcb-column mcb-item-650523950 one laptop-one tablet-one mobile-one column_column vb-item\"><div class=\"mcb-column-inner mfn-module-wrapper mcb-column-inner-650523950 mcb-item-column-inner\"><div class=\"column_attr mfn-inline-editor clearfix\"><p>Sie erreichen unsere interne Meldestelle unter folgenden Kontaktdaten:<\/p><p>E-Mail: <a href=\"mailto:hinweisgeber@eproplast.com\">hinweisgeber@eproplast.com<\/a><\/p><\/div><\/div><\/div>\t\t\t\t\t\t\t\t<\/div>\n\t\t\t\t<\/div>\n\t\t\t\t<div class=\"elementor-element elementor-element-7de5f13 elementor-widget-divider--view-line elementor-widget elementor-widget-divider\" data-id=\"7de5f13\" data-element_type=\"widget\" data-e-type=\"widget\" data-widget_type=\"divider.default\">\n\t\t\t\t<div class=\"elementor-widget-container\">\n\t\t\t\t\t\t\t<div class=\"elementor-divider\">\n\t\t\t<span class=\"elementor-divider-separator\">\n\t\t\t\t\t\t<\/span>\n\t\t<\/div>\n\t\t\t\t\t\t<\/div>\n\t\t\t\t<\/div>\n\t\t\t\t<div class=\"elementor-element elementor-element-9b6db37 elementor-widget elementor-widget-text-editor\" data-id=\"9b6db37\" data-element_type=\"widget\" data-e-type=\"widget\" data-widget_type=\"text-editor.default\">\n\t\t\t\t<div class=\"elementor-widget-container\">\n\t\t\t\t\t\t\t\t\t<p>Das Hinweisgeberschutzgesetz regelt den Schutz von nat\u00fcrlichen Personen, die im Zusammenhang mit ihrer beruflichen T\u00e4tigkeit oder im Vorfeld einer beruflichen T\u00e4tigkeit Informationen \u00fcber Verst\u00f6\u00dfe erlangt haben und diese an die nach dem Gesetz vorgesehenen Meldestellen melden oder offenlegen. Das Hinweisgeberschutzgesetz will einen umfassenden Schutz von Hinweisgebenden sicherstellen.<\/p><p>Es sind alle Meldungen von Verst\u00f6\u00dfen gesch\u00fctzt, wenn es um:<\/p><ul><li>Verst\u00f6\u00dfe gegen Strafvorschriften;<\/li><li>Verst\u00f6\u00dfe gegen Bu\u00dfgeldvorschriften;<\/li><li>Meldungen von Verst\u00f6\u00dfen gegen Verbraucherschutzvorschriften;<\/li><li>Umweltschutzvorschriften und Datenschutzvorschriften;<\/li><li>den Schutz von Leben, Leib oder Gesundheit oder dem Schutz der Rechte von Besch\u00e4ftigten geht.<\/li><\/ul><p>Meldungen \u00fcber Verst\u00f6\u00dfe fallen aber nur dann in den Anwendungsbereich des HinSchG, wenn sie sich auf den Besch\u00e4ftigungsgeber oder eine andere Stelle, mit der die hinweisgebende Person beruflich im <a href=\"https:\/\/www.eproplast.com\/en\/unternehmen\/kontakt\/\">Contact<\/a> stand, beziehen.<\/p><p>Die hinweisgebende Person ist gem\u00e4\u00df \u00a7 38 HinSchG zum Ersatz des Schadens verpflichtet, der aus einer vors\u00e4tzlichen oder grob fahrl\u00e4ssigen Meldung oder Offenlegung unrichtiger Informationen entstanden ist. Dar\u00fcber hinaus wird die wissentliche Offenlegung einer Falschmeldung mit einem Bu\u00dfgeld sanktioniert, \u00a7 40 HinSchG.<\/p>\t\t\t\t\t\t\t\t<\/div>\n\t\t\t\t<\/div>\n\t\t\t\t\t<\/div>\n\t\t<\/div>\n\t\t\t\t\t<\/div>\n\t\t<\/section>\n\t\t\t\t<\/div>","protected":false},"excerpt":{"rendered":"<p>Startseite Hinweisgeberschutzgesetz Wir sind seit dem 02.07.2023 dazu verpflichtet eine interne Meldestelle gem\u00e4\u00df \u00a7 12 HinSchG einzurichten. Sie erreichen unsere interne Meldestelle unter folgenden Kontaktdaten: E-Mail: hinweisgeber@eproplast.com Das Hinweisgeberschutzgesetz regelt den Schutz von nat\u00fcrlichen Personen, die im Zusammenhang mit ihrer beruflichen T\u00e4tigkeit oder im Vorfeld einer beruflichen T\u00e4tigkeit Informationen \u00fcber Verst\u00f6\u00dfe erlangt haben und diese [&hellip;]<\/p>\n","protected":false},"author":4,"featured_media":0,"parent":0,"menu_order":0,"comment_status":"closed","ping_status":"closed","template":"","meta":{"inline_featured_image":false,"footnotes":""},"class_list":["post-110755","page","type-page","status-publish","hentry"],"_links":{"self":[{"href":"https:\/\/www.eproplast.com\/en\/wp-json\/wp\/v2\/pages\/110755","targetHints":{"allow":["GET"]}}],"collection":[{"href":"https:\/\/www.eproplast.com\/en\/wp-json\/wp\/v2\/pages"}],"about":[{"href":"https:\/\/www.eproplast.com\/en\/wp-json\/wp\/v2\/types\/page"}],"author":[{"embeddable":true,"href":"https:\/\/www.eproplast.com\/en\/wp-json\/wp\/v2\/users\/4"}],"replies":[{"embeddable":true,"href":"https:\/\/www.eproplast.com\/en\/wp-json\/wp\/v2\/comments?post=110755"}],"version-history":[{"count":4,"href":"https:\/\/www.eproplast.com\/en\/wp-json\/wp\/v2\/pages\/110755\/revisions"}],"predecessor-version":[{"id":110760,"href":"https:\/\/www.eproplast.com\/en\/wp-json\/wp\/v2\/pages\/110755\/revisions\/110760"}],"wp:attachment":[{"href":"https:\/\/www.eproplast.com\/en\/wp-json\/wp\/v2\/media?parent=110755"}],"curies":[{"name":"wp","href":"https:\/\/api.w.org\/{rel}","templated":true}]}}